{"id":3,"date":"2019-06-12T14:41:02","date_gmt":"2019-06-12T14:41:02","guid":{"rendered":"http:\/\/rapidgators.net\/?page_id=3"},"modified":"2024-01-16T15:37:57","modified_gmt":"2024-01-16T14:37:57","slug":"privacy-policy","status":"publish","type":"page","link":"https:\/\/rapidgators.net\/tr\/privacy-policy\/","title":{"rendered":"Gizlilik Politikas\u0131"},"content":{"rendered":"<p>&nbsp;<\/p>\r\n\r\n<h2 class=\"wp-block-heading\">Who we are<\/h2>\r\n\r\n\r\n\r\n<p>Our website address is: <strong>https:\/\/rapidgators.net<\/strong>.<\/p>\r\n\r\n\r\n\r\n<h2 class=\"wp-block-heading\">What personal data we collect and why we collect it<\/h2>\r\n\r\n\r\n\r\n<p><br \/>We register information about your IP address in order to maintain a safe environment for our site. We may analyse details of your visits to our site, including, but not limited to, traffic data, location data and other communication data and the resources that you access.<\/p>\r\n","protected":false},"excerpt":{"rendered":"<p>&nbsp; Who we are Web sitemizin adresi: https:\/\/rapidgators.net. Hangi ki\u015fisel verileri topluyoruz ve neden topluyoruz Sitemiz i\u00e7in g\u00fcvenli bir ortam sa\u011flamak i\u00e7in IP adresinizle ilgili bilgileri kaydediyoruz. Trafik verileri, konum verileri ve di\u011fer ileti\u015fim verileri ve eri\u015fti\u011finiz kaynaklar dahil ancak &hellip;<\/p>\n<p class=\"read-more\"> <a class=\"more-link\" href=\"https:\/\/rapidgators.net\/tr\/privacy-policy\/\"> <span class=\"screen-reader-text\">Gizlilik Politikas\u0131<\/span> Devam\u0131n\u0131 Oku &raquo;<\/a><\/p>\n","protected":false},"author":1,"featured_media":0,"parent":0,"menu_order":9,"comment_status":"closed","ping_status":"open","template":"full-width-page.php","meta":{"footnotes":""},"class_list":["post-3","page","type-page","status-publish","hentry"],"_links":{"self":[{"href":"https:\/\/rapidgators.net\/tr\/wp-json\/wp\/v2\/pages\/3","targetHints":{"allow":["GET"]}}],"collection":[{"href":"https:\/\/rapidgators.net\/tr\/wp-json\/wp\/v2\/pages"}],"about":[{"href":"https:\/\/rapidgators.net\/tr\/wp-json\/wp\/v2\/types\/page"}],"author":[{"embeddable":true,"href":"https:\/\/rapidgators.net\/tr\/wp-json\/wp\/v2\/users\/1"}],"replies":[{"embeddable":true,"href":"https:\/\/rapidgators.net\/tr\/wp-json\/wp\/v2\/comments?post=3"}],"version-history":[{"count":13,"href":"https:\/\/rapidgators.net\/tr\/wp-json\/wp\/v2\/pages\/3\/revisions"}],"predecessor-version":[{"id":700,"href":"https:\/\/rapidgators.net\/tr\/wp-json\/wp\/v2\/pages\/3\/revisions\/700"}],"wp:attachment":[{"href":"https:\/\/rapidgators.net\/tr\/wp-json\/wp\/v2\/media?parent=3"}],"curies":[{"name":"wp","href":"https:\/\/api.w.org\/{rel}","templated":true}]}}