{"id":237,"date":"2020-07-04T23:46:06","date_gmt":"2020-07-04T23:46:06","guid":{"rendered":"http:\/\/rapidgators.net\/?page_id=237"},"modified":"2024-01-17T15:42:12","modified_gmt":"2024-01-17T14:42:12","slug":"file-search","status":"publish","type":"page","link":"https:\/\/rapidgators.net\/tr\/file-search\/","title":{"rendered":"Dosya Arama"},"content":{"rendered":"<p style=\"text-align: center;\"><strong>Search for files stored on the rapidgator cloud<\/strong><\/p>\n<p>Enter without quotes &#8220;site: rapidgator yoursearchquery&#8221; below<br \/>\nExample: <strong>site: rapidgator feet<\/strong><\/p>\n<p><script async src=\"https:\/\/cse.google.com\/cse.js?cx=015216283340924652191:uibiti9u_ei\"><\/script><\/p>\n<div class=\"gcse-search\"><\/div>\n<p>Popular queries<\/p>\n<div id=\"queries\"><\/div>\n<p><script src=\"https:\/\/cse.google.com\/query_renderer.js\"><\/script><br \/>\n<script src=\"https:\/\/cse.google.com\/api\/015216283340924652191:uibiti9u_ei\/popularqueryjs?view=overall&#038;callback=(new+PopularQueryRenderer(document.getElementById(%22queries%22))).render\"><\/script><\/p>\n","protected":false},"excerpt":{"rendered":"<p>Rapidgator bulutunda depolanan dosyalar\u0131 aray\u0131n T\u0131rnak i\u015faretleri olmadan sorgu girin &#8220;site: rapidgator yoursearchquery&#8221; alt\u0131nda \u00f6rnek: site: rapidgator feet Pop\u00fcler aramalar<\/p>\n","protected":false},"author":1,"featured_media":0,"parent":0,"menu_order":4,"comment_status":"closed","ping_status":"closed","template":"full-width-page.php","meta":{"footnotes":""},"class_list":["post-237","page","type-page","status-publish","hentry"],"_links":{"self":[{"href":"https:\/\/rapidgators.net\/tr\/wp-json\/wp\/v2\/pages\/237","targetHints":{"allow":["GET"]}}],"collection":[{"href":"https:\/\/rapidgators.net\/tr\/wp-json\/wp\/v2\/pages"}],"about":[{"href":"https:\/\/rapidgators.net\/tr\/wp-json\/wp\/v2\/types\/page"}],"author":[{"embeddable":true,"href":"https:\/\/rapidgators.net\/tr\/wp-json\/wp\/v2\/users\/1"}],"replies":[{"embeddable":true,"href":"https:\/\/rapidgators.net\/tr\/wp-json\/wp\/v2\/comments?post=237"}],"version-history":[{"count":50,"href":"https:\/\/rapidgators.net\/tr\/wp-json\/wp\/v2\/pages\/237\/revisions"}],"predecessor-version":[{"id":702,"href":"https:\/\/rapidgators.net\/tr\/wp-json\/wp\/v2\/pages\/237\/revisions\/702"}],"wp:attachment":[{"href":"https:\/\/rapidgators.net\/tr\/wp-json\/wp\/v2\/media?parent=237"}],"curies":[{"name":"wp","href":"https:\/\/api.w.org\/{rel}","templated":true}]}}