{"id":44,"date":"2019-06-12T16:51:17","date_gmt":"2019-06-12T16:51:17","guid":{"rendered":"http:\/\/rapidgators.net\/?page_id=44"},"modified":"2025-02-02T16:34:57","modified_gmt":"2025-02-02T15:34:57","slug":"terms-of-use","status":"publish","type":"page","link":"https:\/\/rapidgators.net\/fr\/terms-of-use\/","title":{"rendered":"Conditions d&#8217;utilisation"},"content":{"rendered":"<p>Rapidgators.net is an independent website and is in no way affiliated with, owned by, or operated by the owners of Rapidgator.net. There is no partnership, association, or connection whatsoever between Rapidgators.net and Rapidgator.net. Any similarities in name are purely coincidental.<\/p>\n<p>Rapidgators.net does not claim any endorsement, sponsorship, or relationship with Rapidgator.net or its operators. Any references to third-party websites, brands, or entities are for informational purposes only and do not imply any affiliation or legal connection.<\/p>\n<p>If you have any questions regarding this disclaimer, please contact us through our official channels.<\/p>\n<p>This site contains links to other Internet sites owned by third parties. Your use of each of those sites is subject to the conditions, if any, that each of those sites has posted. We have no control over sites that are not ours, and we are not responsible for any changes to or content on them. Our inclusion on our sites of any third-party content or a link to a third-party site is not a guarantee or endorsement of that content or third-party site.<\/p>\n<p>We do not sell, resell, or license any of the products or the services that we review, list, advertise or feature on our site, and we disclaim any responsibility for or liability related to them. Your correspondence or related activities with third parties, including payment transactions and goods delivery transactions, are solely between you and that third party. You agree that we will not be responsible or liable for any loss or damage of any sort incurred as the result of any of your transactions with third parties. Any questions, complaints, or claims related to any product or service should be directed to the appropriate vendor.<\/p>\n<p><strong>The sole purpose of this site (https:\/\/rapidgators.net) is to provide information about services offered by Rapidgator.<\/strong><\/p>\n","protected":false},"excerpt":{"rendered":"<p>Rapidgators.net est un site web ind\u00e9pendant et n&#8217;a aucun lien avec, n&#8217;est pas d\u00e9tenu ni exploit\u00e9 par les propri\u00e9taires de Rapidgator.net. Il n&#8217;existe aucun partenariat, association ou lien entre Rapidgators.net et Rapidgator.net. Toute similitude de nom est purement fortuite. Rapidgators.net &hellip;<\/p>\n<p class=\"read-more\"> <a class=\"more-link\" href=\"https:\/\/rapidgators.net\/fr\/terms-of-use\/\"> <span class=\"screen-reader-text\">Conditions d&#8217;utilisation<\/span> En lire plus &raquo;<\/a><\/p>\n","protected":false},"author":1,"featured_media":0,"parent":0,"menu_order":7,"comment_status":"closed","ping_status":"closed","template":"full-width-page.php","meta":{"footnotes":""},"class_list":["post-44","page","type-page","status-publish","hentry"],"_links":{"self":[{"href":"https:\/\/rapidgators.net\/fr\/wp-json\/wp\/v2\/pages\/44","targetHints":{"allow":["GET"]}}],"collection":[{"href":"https:\/\/rapidgators.net\/fr\/wp-json\/wp\/v2\/pages"}],"about":[{"href":"https:\/\/rapidgators.net\/fr\/wp-json\/wp\/v2\/types\/page"}],"author":[{"embeddable":true,"href":"https:\/\/rapidgators.net\/fr\/wp-json\/wp\/v2\/users\/1"}],"replies":[{"embeddable":true,"href":"https:\/\/rapidgators.net\/fr\/wp-json\/wp\/v2\/comments?post=44"}],"version-history":[{"count":14,"href":"https:\/\/rapidgators.net\/fr\/wp-json\/wp\/v2\/pages\/44\/revisions"}],"predecessor-version":[{"id":752,"href":"https:\/\/rapidgators.net\/fr\/wp-json\/wp\/v2\/pages\/44\/revisions\/752"}],"wp:attachment":[{"href":"https:\/\/rapidgators.net\/fr\/wp-json\/wp\/v2\/media?parent=44"}],"curies":[{"name":"wp","href":"https:\/\/api.w.org\/{rel}","templated":true}]}}