{"id":33,"date":"2019-06-12T16:18:26","date_gmt":"2019-06-12T16:18:26","guid":{"rendered":"http:\/\/rapidgators.net\/?page_id=33"},"modified":"2024-01-17T15:24:27","modified_gmt":"2024-01-17T14:24:27","slug":"premium-account","status":"publish","type":"page","link":"https:\/\/rapidgators.net\/de\/premium-account\/","title":{"rendered":"Premiumaccount"},"content":{"rendered":"<p>Premium Account Users download their files without delays and at maximum speed!<\/p>\n<style> \/* simple flat #352 *\/#ptp-352{border-color:#ddd;padding:0;margin-left:0;margin-right:0}#ptp-352 div.ptp-item-container{border-radius:2px}#ptp-352 div.ptp-item-container div{margin:0}#ptp-352 .ptp-highlight div.ptp-item-container{border-color:#ddd}#ptp-352 div.ptp-plan{border-top-right-radius:2px;border-top-left-radius:2px;font-size:1em;border-color:#ddd;background-color:#ddd;color:#333;padding:.9375em 1.25em}#ptp-352 div.ptp-plan .has-tip{border-bottom:dotted 1px #333;color:#333}#ptp-352 .ptp-highlight div.ptp-plan{border-color:#ddd;background-color:#ddd;color:#333}#ptp-352 .ptp-highlight div.ptp-plan .has-tip{border-bottom:dotted 1px #333;color:#333}#ptp-352 div.ptp-price{font-size:1.25em;background-color:#eee;color:#333;padding:.9375em 1.25em}#ptp-352 div.ptp-price .has-tip{border-bottom:dotted 1px #333;color:#333}#ptp-352 .ptp-highlight div.ptp-price{background-color:#eee;color:#333}#ptp-352 .ptp-highlight div.ptp-price .has-tip{border-bottom:dotted 1px #333;color:#333}#ptp-352 div.ptp-cta{border-bottom-right-radius:2px;border-bottom-left-radius:2px;background-color:#eee;padding-top:1.25em;padding-bottom:1.25em}#ptp-352 .ptp-highlight div.ptp-cta{background-color:#eee}#ptp-352 a.ptp-button{border-radius:2px;font-size:1em;color:#000;background-color:#ff901d;border-bottom:#f29500 4px solid;margin:0}#ptp-352 a.ptp-button .has-tip,#ptp-352 a.ptp-button:hover .has-tip{border-bottom:dotted 1px #000;color:#000}#ptp-352 a.ptp-button:hover{background-color:#ffa325}#ptp-352 div.ptp-bullet-item{color:#333;background-color:#fff;font-size:.875em;border-color:#ddd;padding:.9375em .5em .9375em .5em}#ptp-352 .ptp-highlight .ptp-bullet-item{color:#333;border-color:#ddd;background-color:#fff}#ptp-352 .ptp-highlight a.ptp-button{color:#fff;background-color:#e74c3c;border-bottom:#c0392b 4px solid}#ptp-352 .ptp-highlight a.ptp-button:hover{background-color:#c0392b}#ptp-352 .ptp-highlight a.ptp-button .has-tip{border-bottom:dotted 1px #fff;color:#fff}#ptp-352 div.ptp-most-popular{border-radius:2px;font-size:.9em;background-color:#7f8c8d;color:#fff;border:1px solid #7f8c8d}\/* end of simple flat #352 *\/<\/style>        <script type=\"text\/javascript\">\n         jQuery(document).ready(function($) {\n            jQuery.call_match_height_352 = function call_match_height_design1(ptp_id) {\n                                $( ptp_id+' .ptp-plan' ).matchHeight(false); \n                                $( ptp_id+' .ptp-cta' ).matchHeight(false); \n                                $( ptp_id+' .ptp-price' ).matchHeight(false);\n                                $( ptp_id+' .ptp-button' ).matchHeight(false);\n\n                                $( ptp_id+' .ptp-bullet-item' ).each(function( index ){\n                                    $( ptp_id+' .ptp-row-id-'+index ).matchHeight(false);\n             \n                                });  \n                         }\n            var ptp_id = '#ptp-'+352 ;\n            $.call_match_height_352 ( ptp_id );              \n         });\n      <\/script>\n      \n        <div id=\"ptp-352\" class=\"ptp-pricing-table\" ><div class=\"ptp-col ptp-six-col  ptp-col-id-0 dh-ptp-col-id-0\"><div class=\"ptp-not-most-popular\">&nbsp;<\/div><div class=\"ptp-item-container\"><div class=\"ptp-plan\">30 Days<\/div><div class=\"ptp-price\">$14.99<\/div><div class=\"ptp-bullet-item ptp-row-id-0\">30 days*\r<\/div><div class=\"ptp-bullet-item ptp-row-id-1\">1 TB Bandwidth\r<\/div><div class=\"ptp-bullet-item ptp-row-id-2\">unlimited*** Storage<\/div><div class=\"ptp-cta\"><a class=\"ptp-button ptp-checkout-button\" id=\"ptp-352-cta-0\"  href=\"https:\/\/rapidgators.net\/buynow\" >BUY<\/a><\/div><\/div><\/div><div class=\"ptp-col ptp-six-col  ptp-col-id-1 dh-ptp-col-id-1\"><div class=\"ptp-not-most-popular\">&nbsp;<\/div><div class=\"ptp-item-container\"><div class=\"ptp-plan\">30 Days<\/div><div class=\"ptp-price\">$14.99<\/div><div class=\"ptp-bullet-item ptp-row-id-0\">30 days*\r<\/div><div class=\"ptp-bullet-item ptp-row-id-1\">1 TB Bandwidth\r<\/div><div class=\"ptp-bullet-item ptp-row-id-2\">3 TB Storage<\/div><div class=\"ptp-cta\"><a class=\"ptp-button ptp-checkout-button\" id=\"ptp-352-cta-1\"  href=\"https:\/\/rapidgators.net\/buynow\" >BUY<\/a><\/div><\/div><\/div><div class=\"ptp-col ptp-six-col  ptp-col-id-2 dh-ptp-col-id-2\"><div class=\"ptp-not-most-popular\">&nbsp;<\/div><div class=\"ptp-item-container\"><div class=\"ptp-plan\">30 Days<\/div><div class=\"ptp-price\">$29.99<\/div><div class=\"ptp-bullet-item ptp-row-id-0\">30 days*\r<\/div><div class=\"ptp-bullet-item ptp-row-id-1\">2 TB Bandwidth\r<\/div><div class=\"ptp-bullet-item ptp-row-id-2\">unlimited*** Storage<\/div><div class=\"ptp-cta\"><a class=\"ptp-button ptp-checkout-button\" id=\"ptp-352-cta-2\"  href=\"https:\/\/rapidgators.net\/buynow\" >BUY<\/a><\/div><\/div><\/div><div class=\"ptp-col ptp-six-col  ptp-col-id-3 dh-ptp-col-id-3\"><div class=\"ptp-not-most-popular\">&nbsp;<\/div><div class=\"ptp-item-container\"><div class=\"ptp-plan\">30 Days<\/div><div class=\"ptp-price\">$39.99<\/div><div class=\"ptp-bullet-item ptp-row-id-0\">30 days*\r<\/div><div class=\"ptp-bullet-item ptp-row-id-1\">4 TB Bandwidth\r<\/div><div class=\"ptp-bullet-item ptp-row-id-2\">unlimited*** Storage<\/div><div class=\"ptp-cta\"><a class=\"ptp-button ptp-checkout-button\" id=\"ptp-352-cta-3\"  href=\"https:\/\/rapidgators.net\/buynow\" >BUY<\/a><\/div><\/div><\/div><div class=\"ptp-col ptp-six-col  ptp-col-id-4 dh-ptp-col-id-4\"><div class=\"ptp-not-most-popular\">&nbsp;<\/div><div class=\"ptp-item-container\"><div class=\"ptp-plan\">30 Days<\/div><div class=\"ptp-price\">$49.99<\/div><div class=\"ptp-bullet-item ptp-row-id-0\">30 days*\r<\/div><div class=\"ptp-bullet-item ptp-row-id-1\">6 TB Bandwidth\r<\/div><div class=\"ptp-bullet-item ptp-row-id-2\">unlimited*** Storage<\/div><div class=\"ptp-cta\"><a class=\"ptp-button ptp-checkout-button\" id=\"ptp-352-cta-4\"  href=\"https:\/\/rapidgators.net\/buynow\" >BUY<\/a><\/div><\/div><\/div><div class=\"ptp-col ptp-six-col  ptp-col-id-5 dh-ptp-col-id-5\"><div class=\"ptp-not-most-popular\">&nbsp;<\/div><div class=\"ptp-item-container\"><div class=\"ptp-plan\">60 Days<\/div><div class=\"ptp-price\">$29.99<\/div><div class=\"ptp-bullet-item ptp-row-id-0\">60 days*\r<\/div><div class=\"ptp-bullet-item ptp-row-id-1\">2 TB Bandwidth\r<\/div><div class=\"ptp-bullet-item ptp-row-id-2\">3 TB Storage<\/div><div class=\"ptp-cta\"><a class=\"ptp-button ptp-checkout-button\" id=\"ptp-352-cta-5\"  href=\"https:\/\/rapidgators.net\/buynow\" >BUY<\/a><\/div><\/div><\/div><\/div>\n<style> \/* simple flat #356 *\/#ptp-356{border-color:#ddd;padding:0;margin-left:0;margin-right:0}#ptp-356 div.ptp-item-container{border-radius:2px}#ptp-356 div.ptp-item-container div{margin:0}#ptp-356 .ptp-highlight div.ptp-item-container{border-color:#ddd}#ptp-356 div.ptp-plan{border-top-right-radius:2px;border-top-left-radius:2px;font-size:1em;border-color:#ddd;background-color:#ddd;color:#333;padding:.9375em 1.25em}#ptp-356 div.ptp-plan .has-tip{border-bottom:dotted 1px #333;color:#333}#ptp-356 .ptp-highlight div.ptp-plan{border-color:#ddd;background-color:#ddd;color:#333}#ptp-356 .ptp-highlight div.ptp-plan .has-tip{border-bottom:dotted 1px #333;color:#333}#ptp-356 div.ptp-price{font-size:1.25em;background-color:#eee;color:#333;padding:.9375em 1.25em}#ptp-356 div.ptp-price .has-tip{border-bottom:dotted 1px #333;color:#333}#ptp-356 .ptp-highlight div.ptp-price{background-color:#eee;color:#333}#ptp-356 .ptp-highlight div.ptp-price .has-tip{border-bottom:dotted 1px #333;color:#333}#ptp-356 div.ptp-cta{border-bottom-right-radius:2px;border-bottom-left-radius:2px;background-color:#eee;padding-top:1.25em;padding-bottom:1.25em}#ptp-356 .ptp-highlight div.ptp-cta{background-color:#eee}#ptp-356 a.ptp-button{border-radius:2px;font-size:1em;color:#000;background-color:#ff901d;border-bottom:#f29500 4px solid;margin:0}#ptp-356 a.ptp-button .has-tip,#ptp-356 a.ptp-button:hover .has-tip{border-bottom:dotted 1px #000;color:#000}#ptp-356 a.ptp-button:hover{background-color:#ffa325}#ptp-356 div.ptp-bullet-item{color:#333;background-color:#fff;font-size:.875em;border-color:#ddd;padding:.9375em .5em .9375em .5em}#ptp-356 .ptp-highlight .ptp-bullet-item{color:#333;border-color:#ddd;background-color:#fff}#ptp-356 .ptp-highlight a.ptp-button{color:#fff;background-color:#e74c3c;border-bottom:#c0392b 4px solid}#ptp-356 .ptp-highlight a.ptp-button:hover{background-color:#c0392b}#ptp-356 .ptp-highlight a.ptp-button .has-tip{border-bottom:dotted 1px #fff;color:#fff}#ptp-356 div.ptp-most-popular{border-radius:2px;font-size:.9em;background-color:#7f8c8d;color:#fff;border:1px solid #7f8c8d}\/* end of simple flat #356 *\/<\/style>        <script type=\"text\/javascript\">\n         jQuery(document).ready(function($) {\n            jQuery.call_match_height_356 = function call_match_height_design1(ptp_id) {\n                                $( ptp_id+' .ptp-plan' ).matchHeight(false); \n                                $( ptp_id+' .ptp-cta' ).matchHeight(false); \n                                $( ptp_id+' .ptp-price' ).matchHeight(false);\n                                $( ptp_id+' .ptp-button' ).matchHeight(false);\n\n                                $( ptp_id+' .ptp-bullet-item' ).each(function( index ){\n                                    $( ptp_id+' .ptp-row-id-'+index ).matchHeight(false);\n             \n                                });  \n                         }\n            var ptp_id = '#ptp-'+356 ;\n            $.call_match_height_356 ( ptp_id );              \n         });\n      <\/script>\n      \n        <div id=\"ptp-356\" class=\"ptp-pricing-table\" ><div class=\"ptp-col ptp-two-col  ptp-col-id-0 dh-ptp-col-id-0\"><div class=\"ptp-not-most-popular\">&nbsp;<\/div><div class=\"ptp-item-container\"><div class=\"ptp-plan\">90 Days<\/div><div class=\"ptp-price\">$39.99<\/div><div class=\"ptp-bullet-item ptp-row-id-0\">90 days*\r<\/div><div class=\"ptp-bullet-item ptp-row-id-1\">4 TB Bandwidth\r<\/div><div class=\"ptp-bullet-item ptp-row-id-2\">unlimited*** Storage<\/div><div class=\"ptp-cta\"><a class=\"ptp-button ptp-checkout-button\" id=\"ptp-356-cta-0\"  href=\"https:\/\/rapidgators.net\/buynow\" >BUY<\/a><\/div><\/div><\/div><div class=\"ptp-col ptp-two-col  ptp-col-id-1 dh-ptp-col-id-1\"><div class=\"ptp-not-most-popular\">&nbsp;<\/div><div class=\"ptp-item-container\"><div class=\"ptp-plan\">90 Days<\/div><div class=\"ptp-price\">$39.99<\/div><div class=\"ptp-bullet-item ptp-row-id-0\">90 days*\r<\/div><div class=\"ptp-bullet-item ptp-row-id-1\">4 TB Bandwidth\r<\/div><div class=\"ptp-bullet-item ptp-row-id-2\">3 TB Storage<\/div><div class=\"ptp-cta\"><a class=\"ptp-button ptp-checkout-button\" id=\"ptp-356-cta-1\"  href=\"https:\/\/rapidgators.net\/buynow\" >BUY<\/a><\/div><\/div><\/div><\/div>\n<style> \/* simple flat #361 *\/#ptp-361{border-color:#ddd;padding:0;margin-left:0;margin-right:0}#ptp-361 div.ptp-item-container{border-radius:2px}#ptp-361 div.ptp-item-container div{margin:0}#ptp-361 .ptp-highlight div.ptp-item-container{border-color:#ddd}#ptp-361 div.ptp-plan{border-top-right-radius:2px;border-top-left-radius:2px;font-size:1em;border-color:#ddd;background-color:#ddd;color:#333;padding:.9375em 1.25em}#ptp-361 div.ptp-plan .has-tip{border-bottom:dotted 1px #333;color:#333}#ptp-361 .ptp-highlight div.ptp-plan{border-color:#ddd;background-color:#ddd;color:#333}#ptp-361 .ptp-highlight div.ptp-plan .has-tip{border-bottom:dotted 1px #333;color:#333}#ptp-361 div.ptp-price{font-size:1.25em;background-color:#eee;color:#333;padding:.9375em 1.25em}#ptp-361 div.ptp-price .has-tip{border-bottom:dotted 1px #333;color:#333}#ptp-361 .ptp-highlight div.ptp-price{background-color:#eee;color:#333}#ptp-361 .ptp-highlight div.ptp-price .has-tip{border-bottom:dotted 1px #333;color:#333}#ptp-361 div.ptp-cta{border-bottom-right-radius:2px;border-bottom-left-radius:2px;background-color:#eee;padding-top:1.25em;padding-bottom:1.25em}#ptp-361 .ptp-highlight div.ptp-cta{background-color:#eee}#ptp-361 a.ptp-button{border-radius:2px;font-size:1em;color:#000;background-color:#ff901d;border-bottom:#f29500 4px solid;margin:0}#ptp-361 a.ptp-button .has-tip,#ptp-361 a.ptp-button:hover .has-tip{border-bottom:dotted 1px #000;color:#000}#ptp-361 a.ptp-button:hover{background-color:#ffa325}#ptp-361 div.ptp-bullet-item{color:#333;background-color:#fff;font-size:.875em;border-color:#ddd;padding:.9375em .5em .9375em .5em}#ptp-361 .ptp-highlight .ptp-bullet-item{color:#333;border-color:#ddd;background-color:#fff}#ptp-361 .ptp-highlight a.ptp-button{color:#fff;background-color:#e74c3c;border-bottom:#c0392b 4px solid}#ptp-361 .ptp-highlight a.ptp-button:hover{background-color:#c0392b}#ptp-361 .ptp-highlight a.ptp-button .has-tip{border-bottom:dotted 1px #fff;color:#fff}#ptp-361 div.ptp-most-popular{border-radius:2px;font-size:.9em;background-color:#7f8c8d;color:#fff;border:1px solid #7f8c8d}\/* end of simple flat #361 *\/<\/style>        <script type=\"text\/javascript\">\n         jQuery(document).ready(function($) {\n            jQuery.call_match_height_361 = function call_match_height_design1(ptp_id) {\n                                $( ptp_id+' .ptp-plan' ).matchHeight(false); \n                                $( ptp_id+' .ptp-cta' ).matchHeight(false); \n                                $( ptp_id+' .ptp-price' ).matchHeight(false);\n                                $( ptp_id+' .ptp-button' ).matchHeight(false);\n\n                                $( ptp_id+' .ptp-bullet-item' ).each(function( index ){\n                                    $( ptp_id+' .ptp-row-id-'+index ).matchHeight(false);\n             \n                                });  \n                         }\n            var ptp_id = '#ptp-'+361 ;\n            $.call_match_height_361 ( ptp_id );              \n         });\n      <\/script>\n      \n        <div id=\"ptp-361\" class=\"ptp-pricing-table\" ><div class=\"ptp-col ptp-two-col  ptp-col-id-0 dh-ptp-col-id-0\"><div class=\"ptp-not-most-popular\">&nbsp;<\/div><div class=\"ptp-item-container\"><div class=\"ptp-plan\">180 Days<\/div><div class=\"ptp-price\">$49.99<\/div><div class=\"ptp-bullet-item ptp-row-id-0\">180 days*\r<\/div><div class=\"ptp-bullet-item ptp-row-id-1\">6 TB Bandwidth\r<\/div><div class=\"ptp-bullet-item ptp-row-id-2\">unlimited*** Storage<\/div><div class=\"ptp-cta\"><a class=\"ptp-button ptp-checkout-button\" id=\"ptp-361-cta-0\"  href=\"https:\/\/rapidgators.net\/buynow\" >BUY<\/a><\/div><\/div><\/div><div class=\"ptp-col ptp-two-col  ptp-col-id-1 dh-ptp-col-id-1\"><div class=\"ptp-not-most-popular\">&nbsp;<\/div><div class=\"ptp-item-container\"><div class=\"ptp-plan\">180 Days<\/div><div class=\"ptp-price\">$69.99<\/div><div class=\"ptp-bullet-item ptp-row-id-0\">180 days*\r<\/div><div class=\"ptp-bullet-item ptp-row-id-1\">6 TB Bandwidth\r<\/div><div class=\"ptp-bullet-item ptp-row-id-2\">3 TB Storage<\/div><div class=\"ptp-cta\"><a class=\"ptp-button ptp-checkout-button\" id=\"ptp-361-cta-1\"  href=\"https:\/\/rapidgators.net\/buynow\" >BUY<\/a><\/div><\/div><\/div><\/div>\n<style> \/* simple flat #364 *\/#ptp-364{border-color:#ddd;padding:0;margin-left:0;margin-right:0}#ptp-364 div.ptp-item-container{border-radius:2px}#ptp-364 div.ptp-item-container div{margin:0}#ptp-364 .ptp-highlight div.ptp-item-container{border-color:#ddd}#ptp-364 div.ptp-plan{border-top-right-radius:2px;border-top-left-radius:2px;font-size:1em;border-color:#ddd;background-color:#ddd;color:#333;padding:.9375em 1.25em}#ptp-364 div.ptp-plan .has-tip{border-bottom:dotted 1px #333;color:#333}#ptp-364 .ptp-highlight div.ptp-plan{border-color:#ddd;background-color:#ddd;color:#333}#ptp-364 .ptp-highlight div.ptp-plan .has-tip{border-bottom:dotted 1px #333;color:#333}#ptp-364 div.ptp-price{font-size:1.25em;background-color:#eee;color:#333;padding:.9375em 1.25em}#ptp-364 div.ptp-price .has-tip{border-bottom:dotted 1px #333;color:#333}#ptp-364 .ptp-highlight div.ptp-price{background-color:#eee;color:#333}#ptp-364 .ptp-highlight div.ptp-price .has-tip{border-bottom:dotted 1px #333;color:#333}#ptp-364 div.ptp-cta{border-bottom-right-radius:2px;border-bottom-left-radius:2px;background-color:#eee;padding-top:1.25em;padding-bottom:1.25em}#ptp-364 .ptp-highlight div.ptp-cta{background-color:#eee}#ptp-364 a.ptp-button{border-radius:2px;font-size:1em;color:#000;background-color:#ff901d;border-bottom:#f29500 4px solid;margin:0}#ptp-364 a.ptp-button .has-tip,#ptp-364 a.ptp-button:hover .has-tip{border-bottom:dotted 1px #000;color:#000}#ptp-364 a.ptp-button:hover{background-color:#ffa325}#ptp-364 div.ptp-bullet-item{color:#333;background-color:#fff;font-size:.875em;border-color:#ddd;padding:.9375em .5em .9375em .5em}#ptp-364 .ptp-highlight .ptp-bullet-item{color:#333;border-color:#ddd;background-color:#fff}#ptp-364 .ptp-highlight a.ptp-button{color:#fff;background-color:#e74c3c;border-bottom:#c0392b 4px solid}#ptp-364 .ptp-highlight a.ptp-button:hover{background-color:#c0392b}#ptp-364 .ptp-highlight a.ptp-button .has-tip{border-bottom:dotted 1px #fff;color:#fff}#ptp-364 div.ptp-most-popular{border-radius:2px;font-size:.9em;background-color:#7f8c8d;color:#fff;border:1px solid #7f8c8d}\/* end of simple flat #364 *\/<\/style>        <script type=\"text\/javascript\">\n         jQuery(document).ready(function($) {\n            jQuery.call_match_height_364 = function call_match_height_design1(ptp_id) {\n                                $( ptp_id+' .ptp-plan' ).matchHeight(false); \n                                $( ptp_id+' .ptp-cta' ).matchHeight(false); \n                                $( ptp_id+' .ptp-price' ).matchHeight(false);\n                                $( ptp_id+' .ptp-button' ).matchHeight(false);\n\n                                $( ptp_id+' .ptp-bullet-item' ).each(function( index ){\n                                    $( ptp_id+' .ptp-row-id-'+index ).matchHeight(false);\n             \n                                });  \n                         }\n            var ptp_id = '#ptp-'+364 ;\n            $.call_match_height_364 ( ptp_id );              \n         });\n      <\/script>\n      \n        <div id=\"ptp-364\" class=\"ptp-pricing-table\" ><div class=\"ptp-col ptp-two-col  ptp-col-id-0 dh-ptp-col-id-0\"><div class=\"ptp-not-most-popular\">&nbsp;<\/div><div class=\"ptp-item-container\"><div class=\"ptp-plan\">365 Days<\/div><div class=\"ptp-price\">$99.99<\/div><div class=\"ptp-bullet-item ptp-row-id-0\">365 days*\r<\/div><div class=\"ptp-bullet-item ptp-row-id-1\">12 TB Bandwidth\r<\/div><div class=\"ptp-bullet-item ptp-row-id-2\">unlimited*** Storage<\/div><div class=\"ptp-cta\"><a class=\"ptp-button ptp-checkout-button\" id=\"ptp-364-cta-0\"  href=\"https:\/\/rapidgators.net\/buynow\" >BUY<\/a><\/div><\/div><\/div><div class=\"ptp-col ptp-two-col  ptp-col-id-1 dh-ptp-col-id-1\"><div class=\"ptp-not-most-popular\">&nbsp;<\/div><div class=\"ptp-item-container\"><div class=\"ptp-plan\">365 Days<\/div><div class=\"ptp-price\">$99.99<\/div><div class=\"ptp-bullet-item ptp-row-id-0\">365 days*\r<\/div><div class=\"ptp-bullet-item ptp-row-id-1\">12 TB Bandwidth\r<\/div><div class=\"ptp-bullet-item ptp-row-id-2\">10 TB Storage<\/div><div class=\"ptp-cta\"><a class=\"ptp-button ptp-checkout-button\" id=\"ptp-364-cta-1\"  href=\"https:\/\/rapidgators.net\/buynow\" >BUY<\/a><\/div><\/div><\/div><\/div>\n<p style=\"text-align: center;\">* Subscription<br \/>\n*** Files will be deleted after 60 days since last download<\/p>\n<p>&nbsp;<\/p>\n<p><img loading=\"lazy\" decoding=\"async\" class=\"aligncenter size-full wp-image-370\" src=\"http:\/\/rapidgators.net\/wp-content\/uploads\/2020\/07\/rapidgator_payment_methods.png\" alt=\"rapidgator payment methods\" width=\"654\" height=\"200\" srcset=\"https:\/\/rapidgators.net\/wp-content\/uploads\/2020\/07\/rapidgator_payment_methods.png 654w, https:\/\/rapidgators.net\/wp-content\/uploads\/2020\/07\/rapidgator_payment_methods-300x92.png 300w, https:\/\/rapidgators.net\/wp-content\/uploads\/2020\/07\/rapidgator_payment_methods-100x31.png 100w, https:\/\/rapidgators.net\/wp-content\/uploads\/2020\/07\/rapidgator_payment_methods-150x46.png 150w, https:\/\/rapidgators.net\/wp-content\/uploads\/2020\/07\/rapidgator_payment_methods-200x61.png 200w, https:\/\/rapidgators.net\/wp-content\/uploads\/2020\/07\/rapidgator_payment_methods-450x138.png 450w, https:\/\/rapidgators.net\/wp-content\/uploads\/2020\/07\/rapidgator_payment_methods-600x183.png 600w\" sizes=\"auto, (max-width: 654px) 100vw, 654px\" \/><\/p>\n<p>&nbsp;<\/p>\n<table id=\"tablepress-4\" class=\"tablepress tablepress-id-4\" style=\"height: 301px;\" width=\"550\">\n<tbody class=\"row-hover\">\n<tr class=\"row-1 odd\">\n<td class=\"column-1\">Download Type:<\/td>\n<td class=\"column-2\"><strong>Free<\/strong><\/td>\n<td class=\"column-3\"><strong>Premium<\/strong><\/td>\n<\/tr>\n<tr class=\"row-2 even\">\n<td class=\"column-1\">Download speed:<\/td>\n<td class=\"column-2\">Limited<\/td>\n<td class=\"column-3\">Unlimited<\/td>\n<\/tr>\n<tr class=\"row-3 odd\">\n<td class=\"column-1\">Maximum number of concurrent downloads:<\/td>\n<td class=\"column-2\">1<\/td>\n<td class=\"column-3\">Unlimited<\/td>\n<\/tr>\n<tr class=\"row-4 even\">\n<td class=\"column-1\">Download restriction:<\/td>\n<td class=\"column-2\">1 file per 120 minutes<\/td>\n<td class=\"column-3\">None<\/td>\n<\/tr>\n<tr class=\"row-5 odd\">\n<td class=\"column-1\">Direct \/ hot download link:<\/td>\n<td class=\"column-2\">Not available<\/td>\n<td class=\"column-3\">Available<\/td>\n<\/tr>\n<tr class=\"row-6 even\">\n<td class=\"column-1\">Downloads start immediately:<\/td>\n<td class=\"column-2\">Not available<\/td>\n<td class=\"column-3\">Available<\/td>\n<\/tr>\n<tr class=\"row-7 odd\">\n<td class=\"column-1\">Fast Download:<\/td>\n<td class=\"column-2\">Not available<\/td>\n<td class=\"column-3\">Available<\/td>\n<\/tr>\n<tr class=\"row-8 even\">\n<td class=\"column-1\">Support for resumed downloads:<\/td>\n<td class=\"column-2\">Not available<\/td>\n<td class=\"column-3\">Available<\/td>\n<\/tr>\n<tr class=\"row-9 odd\">\n<td class=\"column-1\">Support for Download Manager:<\/td>\n<td class=\"column-2\">Not available<\/td>\n<td class=\"column-3\">Available<\/td>\n<\/tr>\n<tr class=\"row-10 even\">\n<td class=\"column-1\">Estimated download time:<\/td>\n<td class=\"column-2\">Longest time<\/td>\n<td class=\"column-3\">Fastest<\/td>\n<\/tr>\n<\/tbody>\n<\/table>\n<p>There are 12 different premium account types offered for sale on the Rapidgator.net.<br \/>\n30 Days &#8211; Unlimited Storage\/1TB Transfer account is priced at $14.99 USD<br \/>\n30 Days &#8211; 3TB Storage\/1TB Transfer account is priced at $14.99 USD<br \/>\n30 Days &#8211; Unlimited Storage\/2TB Transfer account is priced at $29.99 USD<br \/>\n30 Days &#8211; Unlimited Storage\/4TB Transfer account is priced at $39.99 USD<br \/>\n30 Days &#8211; Unlimited Storage\/6TB Transfer account is priced at $49.99 USD<br \/>\n60 Days &#8211; 3TB Storage\/2TB Transfer account is priced at $29.99 USD<br \/>\n90 Days &#8211; Unlimited Storage\/4TB Transfer account is priced at $39.99 USD<br \/>\n90 Days &#8211; 3TB Storage\/4TB Transfer account is priced at $39.99 USD<br \/>\n180 Days &#8211; Unlimited Storage\/6TB Transfer account is priced at $49.99 USD<br \/>\n180 Days &#8211; 3TB Storage\/6TB Transfer account is priced at $69.99 USD<br \/>\n365 Days &#8211; Unlimited Storage\/12TB Transfer account is priced at $99.99 USD<br \/>\n365 Days &#8211; 10TB Storage\/12TB Transfer account is priced at $99.99 USD<br \/>\nThe above prices are estimated. Prices may vary for each country.<\/p>\n<p>Q.<strong>What is a subscription and what is it for?<\/strong><\/p>\n<p>A.A Premium subscription allows you to enjoy additional benefits to the free service that Rapidgator offers. When you buy Premium subscription, you sign up for auto renewal by default. This means that your account will be charged again 24 hours before your premium is expired and that your Premium subscription will be extended for another period which you have selected. This allows you to enjoy our Premium service without having to worry about the subscription expiring. You can however easily unsubscribe from auto renewal on your Rapidgator profile page.<\/p>\n<p>Q.<strong>Is it safe to purchase a Premium subscription?<\/strong><\/p>\n<p>A. Absolutely. All payments are processed via an SSL connection and RapidGator online payment provider is fully PCI DDS Level 1 compliant which guarantees you that your payment information is safe.<\/p>\n<p>Q.<strong>I plan to store valued file on your server. Will my information be well protected?<\/strong><\/p>\n<p>A.Yes. RapidGator deeply care about the security of your files. More over than protected. Every time you upload a file, a backup copy of it is created on a different hard drive. Additionally to this, our entire system is monitored 24 hours a day, 365 days a year to provide you with 99.99% uptime, stability and security. We guarantee 100% satisfaction with our services. One of our support members will be able to assist you with any queries you may have.<\/p>\n","protected":false},"excerpt":{"rendered":"<p>RapidGator bietet zwei verschiedene Pl\u00e4ne zur Auswahl, das kostenlose Modell und die Premium-Variante. F\u00fcr beide m\u00fcssen Sie jedoch registriert und angemeldet sein, die Upload-Funktion kann nicht als Gast verwendet werden. Die Registrierung erfolgt schnell und ohne Best\u00e4tigungs-E-Mail. Ein Punkt zugunsten &hellip;<\/p>\n<p class=\"read-more\"> <a class=\"more-link\" href=\"https:\/\/rapidgators.net\/de\/premium-account\/\"> <span class=\"screen-reader-text\">Premiumaccount<\/span> Weiterlesen &raquo;<\/a><\/p>\n","protected":false},"author":1,"featured_media":0,"parent":0,"menu_order":2,"comment_status":"closed","ping_status":"closed","template":"full-width-page.php","meta":{"footnotes":""},"class_list":["post-33","page","type-page","status-publish","hentry"],"_links":{"self":[{"href":"https:\/\/rapidgators.net\/de\/wp-json\/wp\/v2\/pages\/33","targetHints":{"allow":["GET"]}}],"collection":[{"href":"https:\/\/rapidgators.net\/de\/wp-json\/wp\/v2\/pages"}],"about":[{"href":"https:\/\/rapidgators.net\/de\/wp-json\/wp\/v2\/types\/page"}],"author":[{"embeddable":true,"href":"https:\/\/rapidgators.net\/de\/wp-json\/wp\/v2\/users\/1"}],"replies":[{"embeddable":true,"href":"https:\/\/rapidgators.net\/de\/wp-json\/wp\/v2\/comments?post=33"}],"version-history":[{"count":37,"href":"https:\/\/rapidgators.net\/de\/wp-json\/wp\/v2\/pages\/33\/revisions"}],"predecessor-version":[{"id":686,"href":"https:\/\/rapidgators.net\/de\/wp-json\/wp\/v2\/pages\/33\/revisions\/686"}],"wp:attachment":[{"href":"https:\/\/rapidgators.net\/de\/wp-json\/wp\/v2\/media?parent=33"}],"curies":[{"name":"wp","href":"https:\/\/api.w.org\/{rel}","templated":true}]}}